{"id":152,"date":"2018-02-02T16:18:46","date_gmt":"2018-02-02T15:18:46","guid":{"rendered":"https:\/\/thomas-bonaud.ch\/accueil\/"},"modified":"2020-03-10T15:19:59","modified_gmt":"2020-03-10T14:19:59","slug":"startseite","status":"publish","type":"page","link":"https:\/\/thomas-bonaud.ch\/de\/","title":{"rendered":"Startseite"},"content":{"rendered":"","protected":false},"excerpt":{"rendered":"","protected":false},"author":1,"featured_media":0,"parent":0,"menu_order":0,"comment_status":"closed","ping_status":"closed","template":"","meta":{"_acf_changed":false,"footnotes":""},"acf":[],"yoast_head":"<!-- This site is optimized with the Yoast SEO plugin v22.3 - https:\/\/yoast.com\/wordpress\/plugins\/seo\/ -->\n<title>Thomas Bonaud SA - Gemeinsam zu Ihrem Erfolg<\/title>\n<meta name=\"description\" content=\"Thomas Bonaud SA vertreibt Prestige Kosmetika f\u00fcr Beauty-Profis. Wir bieten einwandfreie Unterst\u00fctzung, von der Lieferung bis zum Training, zur Sch\u00f6nheit und zum Wohlbefinden der Kunden von Hunderten von Partnerinstituten.\" \/>\n<meta name=\"robots\" content=\"index, follow, max-snippet:-1, max-image-preview:large, max-video-preview:-1\" \/>\n<link rel=\"canonical\" href=\"https:\/\/thomas-bonaud.ch\/de\/\" \/>\n<meta property=\"og:locale\" content=\"de_DE\" \/>\n<meta property=\"og:type\" content=\"article\" \/>\n<meta property=\"og:title\" content=\"Thomas Bonaud SA - Gemeinsam zu Ihrem Erfolg\" \/>\n<meta property=\"og:description\" content=\"Thomas Bonaud SA vertreibt Prestige Kosmetika f\u00fcr Beauty-Profis. Wir bieten einwandfreie Unterst\u00fctzung, von der Lieferung bis zum Training, zur Sch\u00f6nheit und zum Wohlbefinden der Kunden von Hunderten von Partnerinstituten.\" \/>\n<meta property=\"og:url\" content=\"https:\/\/thomas-bonaud.ch\/de\/\" \/>\n<meta property=\"og:site_name\" content=\"Thomas Bonaud SA\" \/>\n<meta property=\"article:modified_time\" content=\"2020-03-10T14:19:59+00:00\" \/>\n<meta name=\"twitter:card\" content=\"summary_large_image\" \/>\n<script type=\"application\/ld+json\" class=\"yoast-schema-graph\">{\"@context\":\"https:\/\/schema.org\",\"@graph\":[{\"@type\":\"WebPage\",\"@id\":\"https:\/\/thomas-bonaud.ch\/de\/\",\"url\":\"https:\/\/thomas-bonaud.ch\/de\/\",\"name\":\"Thomas Bonaud SA - Gemeinsam zu Ihrem Erfolg\",\"isPartOf\":{\"@id\":\"https:\/\/thomas-bonaud.ch\/#website\"},\"datePublished\":\"2018-02-02T15:18:46+00:00\",\"dateModified\":\"2020-03-10T14:19:59+00:00\",\"description\":\"Thomas Bonaud SA vertreibt Prestige Kosmetika f\u00fcr Beauty-Profis. Wir bieten einwandfreie Unterst\u00fctzung, von der Lieferung bis zum Training, zur Sch\u00f6nheit und zum Wohlbefinden der Kunden von Hunderten von Partnerinstituten.\",\"breadcrumb\":{\"@id\":\"https:\/\/thomas-bonaud.ch\/de\/#breadcrumb\"},\"inLanguage\":\"de-DE\",\"potentialAction\":[{\"@type\":\"ReadAction\",\"target\":[\"https:\/\/thomas-bonaud.ch\/de\/\"]}]},{\"@type\":\"BreadcrumbList\",\"@id\":\"https:\/\/thomas-bonaud.ch\/de\/#breadcrumb\",\"itemListElement\":[{\"@type\":\"ListItem\",\"position\":1,\"name\":\"Home\",\"item\":\"https:\/\/thomas-bonaud.ch\/de\/\"},{\"@type\":\"ListItem\",\"position\":2,\"name\":\"Startseite\"}]},{\"@type\":\"WebSite\",\"@id\":\"https:\/\/thomas-bonaud.ch\/#website\",\"url\":\"https:\/\/thomas-bonaud.ch\/\",\"name\":\"Thomas Bonaud SA\",\"description\":\"Ensemble vers votre succ\u00e8s\",\"publisher\":{\"@id\":\"https:\/\/thomas-bonaud.ch\/#organization\"},\"potentialAction\":[{\"@type\":\"SearchAction\",\"target\":{\"@type\":\"EntryPoint\",\"urlTemplate\":\"https:\/\/thomas-bonaud.ch\/?s={search_term_string}\"},\"query-input\":\"required name=search_term_string\"}],\"inLanguage\":\"de-DE\"},{\"@type\":\"Organization\",\"@id\":\"https:\/\/thomas-bonaud.ch\/#organization\",\"name\":\"Thomas Bonaud SA\",\"url\":\"https:\/\/thomas-bonaud.ch\/\",\"logo\":{\"@type\":\"ImageObject\",\"inLanguage\":\"de-DE\",\"@id\":\"https:\/\/thomas-bonaud.ch\/#\/schema\/logo\/image\/\",\"url\":\"https:\/\/thomas-bonaud.ch\/wp-content\/uploads\/2018\/06\/cropped-logo-1.png\",\"contentUrl\":\"https:\/\/thomas-bonaud.ch\/wp-content\/uploads\/2018\/06\/cropped-logo-1.png\",\"width\":198,\"height\":250,\"caption\":\"Thomas Bonaud SA\"},\"image\":{\"@id\":\"https:\/\/thomas-bonaud.ch\/#\/schema\/logo\/image\/\"}}]}<\/script>\n<!-- \/ Yoast SEO plugin. -->","yoast_head_json":{"title":"Thomas Bonaud SA - Gemeinsam zu Ihrem Erfolg","description":"Thomas Bonaud SA vertreibt Prestige Kosmetika f\u00fcr Beauty-Profis. Wir bieten einwandfreie Unterst\u00fctzung, von der Lieferung bis zum Training, zur Sch\u00f6nheit und zum Wohlbefinden der Kunden von Hunderten von Partnerinstituten.","robots":{"index":"index","follow":"follow","max-snippet":"max-snippet:-1","max-image-preview":"max-image-preview:large","max-video-preview":"max-video-preview:-1"},"canonical":"https:\/\/thomas-bonaud.ch\/de\/","og_locale":"de_DE","og_type":"article","og_title":"Thomas Bonaud SA - Gemeinsam zu Ihrem Erfolg","og_description":"Thomas Bonaud SA vertreibt Prestige Kosmetika f\u00fcr Beauty-Profis. Wir bieten einwandfreie Unterst\u00fctzung, von der Lieferung bis zum Training, zur Sch\u00f6nheit und zum Wohlbefinden der Kunden von Hunderten von Partnerinstituten.","og_url":"https:\/\/thomas-bonaud.ch\/de\/","og_site_name":"Thomas Bonaud SA","article_modified_time":"2020-03-10T14:19:59+00:00","twitter_card":"summary_large_image","schema":{"@context":"https:\/\/schema.org","@graph":[{"@type":"WebPage","@id":"https:\/\/thomas-bonaud.ch\/de\/","url":"https:\/\/thomas-bonaud.ch\/de\/","name":"Thomas Bonaud SA - Gemeinsam zu Ihrem Erfolg","isPartOf":{"@id":"https:\/\/thomas-bonaud.ch\/#website"},"datePublished":"2018-02-02T15:18:46+00:00","dateModified":"2020-03-10T14:19:59+00:00","description":"Thomas Bonaud SA vertreibt Prestige Kosmetika f\u00fcr Beauty-Profis. Wir bieten einwandfreie Unterst\u00fctzung, von der Lieferung bis zum Training, zur Sch\u00f6nheit und zum Wohlbefinden der Kunden von Hunderten von Partnerinstituten.","breadcrumb":{"@id":"https:\/\/thomas-bonaud.ch\/de\/#breadcrumb"},"inLanguage":"de-DE","potentialAction":[{"@type":"ReadAction","target":["https:\/\/thomas-bonaud.ch\/de\/"]}]},{"@type":"BreadcrumbList","@id":"https:\/\/thomas-bonaud.ch\/de\/#breadcrumb","itemListElement":[{"@type":"ListItem","position":1,"name":"Home","item":"https:\/\/thomas-bonaud.ch\/de\/"},{"@type":"ListItem","position":2,"name":"Startseite"}]},{"@type":"WebSite","@id":"https:\/\/thomas-bonaud.ch\/#website","url":"https:\/\/thomas-bonaud.ch\/","name":"Thomas Bonaud SA","description":"Ensemble vers votre succ\u00e8s","publisher":{"@id":"https:\/\/thomas-bonaud.ch\/#organization"},"potentialAction":[{"@type":"SearchAction","target":{"@type":"EntryPoint","urlTemplate":"https:\/\/thomas-bonaud.ch\/?s={search_term_string}"},"query-input":"required name=search_term_string"}],"inLanguage":"de-DE"},{"@type":"Organization","@id":"https:\/\/thomas-bonaud.ch\/#organization","name":"Thomas Bonaud SA","url":"https:\/\/thomas-bonaud.ch\/","logo":{"@type":"ImageObject","inLanguage":"de-DE","@id":"https:\/\/thomas-bonaud.ch\/#\/schema\/logo\/image\/","url":"https:\/\/thomas-bonaud.ch\/wp-content\/uploads\/2018\/06\/cropped-logo-1.png","contentUrl":"https:\/\/thomas-bonaud.ch\/wp-content\/uploads\/2018\/06\/cropped-logo-1.png","width":198,"height":250,"caption":"Thomas Bonaud SA"},"image":{"@id":"https:\/\/thomas-bonaud.ch\/#\/schema\/logo\/image\/"}}]}},"_links":{"self":[{"href":"https:\/\/thomas-bonaud.ch\/de\/wp-json\/wp\/v2\/pages\/152"}],"collection":[{"href":"https:\/\/thomas-bonaud.ch\/de\/wp-json\/wp\/v2\/pages"}],"about":[{"href":"https:\/\/thomas-bonaud.ch\/de\/wp-json\/wp\/v2\/types\/page"}],"author":[{"embeddable":true,"href":"https:\/\/thomas-bonaud.ch\/de\/wp-json\/wp\/v2\/users\/1"}],"replies":[{"embeddable":true,"href":"https:\/\/thomas-bonaud.ch\/de\/wp-json\/wp\/v2\/comments?post=152"}],"version-history":[{"count":9,"href":"https:\/\/thomas-bonaud.ch\/de\/wp-json\/wp\/v2\/pages\/152\/revisions"}],"predecessor-version":[{"id":468,"href":"https:\/\/thomas-bonaud.ch\/de\/wp-json\/wp\/v2\/pages\/152\/revisions\/468"}],"wp:attachment":[{"href":"https:\/\/thomas-bonaud.ch\/de\/wp-json\/wp\/v2\/media?parent=152"}],"curies":[{"name":"wp","href":"https:\/\/api.w.org\/{rel}","templated":true}]}}